{"id":4456,"date":"2025-12-14T14:29:07","date_gmt":"2025-12-14T14:29:07","guid":{"rendered":"https:\/\/weaving-group.com\/about\/"},"modified":"2025-12-14T14:29:07","modified_gmt":"2025-12-14T14:29:07","slug":"about","status":"publish","type":"page","link":"https:\/\/weaving-group.com\/en\/about\/","title":{"rendered":"about"},"content":{"rendered":"\t\t<div data-elementor-type=\"wp-page\" data-elementor-id=\"4456\" class=\"elementor elementor-4456\" data-elementor-post-type=\"page\">\n\t\t\t\t<div class=\"elementor-element elementor-element-18c32b9b e-con-full e-flex parallax_section_no qode_elementor_container_no e-con e-parent\" data-id=\"18c32b9b\" data-element_type=\"container\" data-e-type=\"container\" data-settings=\"{&quot;background_background&quot;:&quot;classic&quot;}\">\n\t\t\t\t<div class=\"elementor-element elementor-element-b99764f elementor-widget elementor-widget-spacer\" data-id=\"b99764f\" data-element_type=\"widget\" data-e-type=\"widget\" data-widget_type=\"spacer.default\">\n\t\t\t\t\t\t\t<div class=\"elementor-spacer\">\n\t\t\t<div class=\"elementor-spacer-inner\"><\/div>\n\t\t<\/div>\n\t\t\t\t\t\t<\/div>\n\t\t<div class=\"elementor-element elementor-element-b7b30d2 e-flex e-con-boxed parallax_section_no qode_elementor_container_no e-con e-child\" data-id=\"b7b30d2\" data-element_type=\"container\" data-e-type=\"container\">\n\t\t\t\t\t<div class=\"e-con-inner\">\n\t\t\t\t<div class=\"elementor-element elementor-element-1b783ce elementor-widget elementor-widget-heading\" data-id=\"1b783ce\" data-element_type=\"widget\" data-e-type=\"widget\" data-widget_type=\"heading.default\">\n\t\t\t\t\t<h2 class=\"elementor-heading-title elementor-size-default\">\u00c0 PROPOS<\/h2>\t\t\t\t<\/div>\n\t\t\t\t<div class=\"elementor-element elementor-element-dd8694b elementor-widget elementor-widget-text-editor\" data-id=\"dd8694b\" data-element_type=\"widget\" data-e-type=\"widget\" data-widget_type=\"text-editor.default\">\n\t\t\t\t\t\t\t\t\t<div class=\"breadcrumb\"><div class=\"breadcrumbs\"><div class=\"breadcrumbs_inner\"><a href=\"https:\/\/weaving-group.com\/\">Home<\/a><span class=\"delimiter\">\u00a0<\/span><span class=\"current\">A propos<\/span><\/div><\/div><\/div>\t\t\t\t\t\t\t\t<\/div>\n\t\t\t\t\t<\/div>\n\t\t\t\t<\/div>\n\t\t\t\t<div class=\"elementor-element elementor-element-8b070a4 elementor-widget elementor-widget-spacer\" data-id=\"8b070a4\" data-element_type=\"widget\" data-e-type=\"widget\" data-widget_type=\"spacer.default\">\n\t\t\t\t\t\t\t<div class=\"elementor-spacer\">\n\t\t\t<div class=\"elementor-spacer-inner\"><\/div>\n\t\t<\/div>\n\t\t\t\t\t\t<\/div>\n\t\t\t\t<\/div>\n\t\t<div class=\"elementor-element elementor-element-d630786 e-flex e-con-boxed parallax_section_no qode_elementor_container_no e-con e-parent\" data-id=\"d630786\" data-element_type=\"container\" data-e-type=\"container\" data-settings=\"{&quot;background_background&quot;:&quot;classic&quot;}\">\n\t\t\t\t\t<div class=\"e-con-inner\">\n\t\t<div class=\"elementor-element elementor-element-666ae99 e-con-full e-flex parallax_section_no qode_elementor_container_no e-con e-child\" data-id=\"666ae99\" data-element_type=\"container\" data-e-type=\"container\" data-settings=\"{&quot;background_background&quot;:&quot;classic&quot;}\">\n\t\t\t\t<div class=\"elementor-element elementor-element-0c3ced5 elementor-widget elementor-widget-text-editor\" data-id=\"0c3ced5\" data-element_type=\"widget\" data-e-type=\"widget\" data-widget_type=\"text-editor.default\">\n\t\t\t\t\t\t\t\t\t<div class=\"wpb_text_column wpb_content_element vc_custom_1752585975988\"><div class=\"wpb_wrapper\"><p>En quatre d\u00e9cennies, <strong>Weaving Group a su hisser ses marques au rang de leaders<\/strong> sur des secteurs\u00a0vari\u00e9s tout en conservant sa capacit\u00e9 \u00e0 d\u00e9tecter des opportunit\u00e9s.<\/p><p>Le groupe accompagne \u00e0 ce jour le d\u00e9veloppement d\u2019une dizaine de soci\u00e9t\u00e9s \u00e0 travers le monde, \u00e9voluant dans des secteurs d\u2019activit\u00e9s tels que l\u2019industrie, le transport, le voyage, la communication, l\u2019\u00e9picerie fine et la finance.<\/p><\/div><\/div>\t\t\t\t\t\t\t\t<\/div>\n\t\t\t\t<div class=\"elementor-element elementor-element-b3f1777 elementor-widget elementor-widget-image\" data-id=\"b3f1777\" data-element_type=\"widget\" data-e-type=\"widget\" data-widget_type=\"image.default\">\n\t\t\t\t\t\t\t\t\t\t\t\t\t\t\t<img decoding=\"async\" width=\"51\" height=\"29\" src=\"https:\/\/i0.wp.com\/weaving-group.com\/wp-content\/uploads\/2019\/03\/WEAVING_subtitle_icon.png?fit=51%2C29&amp;ssl=1\" class=\"attachment-large size-large wp-image-277\" alt=\"WEAVING_subtitle_icon\" data-attachment-id=\"277\" data-permalink=\"https:\/\/weaving-group.com\/en\/weaving_subtitle_icon-2\/\" data-orig-file=\"https:\/\/i0.wp.com\/weaving-group.com\/wp-content\/uploads\/2019\/03\/WEAVING_subtitle_icon.png?fit=51%2C29&amp;ssl=1\" data-orig-size=\"51,29\" data-comments-opened=\"1\" data-image-meta=\"{&quot;aperture&quot;:&quot;0&quot;,&quot;credit&quot;:&quot;&quot;,&quot;camera&quot;:&quot;&quot;,&quot;caption&quot;:&quot;&quot;,&quot;created_timestamp&quot;:&quot;0&quot;,&quot;copyright&quot;:&quot;&quot;,&quot;focal_length&quot;:&quot;0&quot;,&quot;iso&quot;:&quot;0&quot;,&quot;shutter_speed&quot;:&quot;0&quot;,&quot;title&quot;:&quot;&quot;,&quot;orientation&quot;:&quot;0&quot;}\" data-image-title=\"WEAVING_subtitle_icon\" data-image-description=\"&lt;p&gt;WEAVING_subtitle_icon&lt;\/p&gt;\n\" data-image-caption=\"\" data-large-file=\"https:\/\/i0.wp.com\/weaving-group.com\/wp-content\/uploads\/2019\/03\/WEAVING_subtitle_icon.png?fit=51%2C29&amp;ssl=1\" \/>\t\t\t\t\t\t\t\t\t\t\t\t\t\t\t<\/div>\n\t\t\t\t<\/div>\n\t\t\t\t\t<\/div>\n\t\t\t\t<\/div>\n\t\t<div class=\"elementor-element elementor-element-63d3ce4 e-flex e-con-boxed parallax_section_no qode_elementor_container_no e-con e-parent\" data-id=\"63d3ce4\" data-element_type=\"container\" data-e-type=\"container\" data-settings=\"{&quot;background_background&quot;:&quot;classic&quot;}\">\n\t\t\t\t\t<div class=\"e-con-inner\">\n\t\t<div class=\"elementor-element elementor-element-14f0079 e-con-full e-flex parallax_section_no qode_elementor_container_no e-con e-child\" data-id=\"14f0079\" data-element_type=\"container\" data-e-type=\"container\" data-settings=\"{&quot;background_background&quot;:&quot;classic&quot;}\">\n\t\t\t\t<div class=\"elementor-element elementor-element-c42ee2f elementor-widget__width-initial class-fond elementor-widget elementor-widget-text-editor\" data-id=\"c42ee2f\" data-element_type=\"widget\" data-e-type=\"widget\" data-widget_type=\"text-editor.default\">\n\t\t\t\t\t\t\t\t\t<div class=\"wpb_text_column wpb_content_element vc_custom_1752585975988\"><div class=\"wpb_wrapper\"><h2>NOTRE VISION<\/h2><p>Weaving Group a pour ambition d\u2019\u00eatre le terreau dans lequel pousseront les belles histoires entrepreneuriales de demain. Depuis ses d\u00e9buts, Weaving Group revendique des valeurs humaines fortes, une app\u00e9tence pour l\u2019audace au service du business et un go\u00fbt prononc\u00e9 pour la conqu\u00eate de nouveaux horizons.<\/p><\/div><\/div>\t\t\t\t\t\t\t\t<\/div>\n\t\t\t\t<div class=\"elementor-element elementor-element-d75f9b9 elementor-widget__width-initial elementor-widget elementor-widget-spacer\" data-id=\"d75f9b9\" data-element_type=\"widget\" data-e-type=\"widget\" data-widget_type=\"spacer.default\">\n\t\t\t\t\t\t\t<div class=\"elementor-spacer\">\n\t\t\t<div class=\"elementor-spacer-inner\"><\/div>\n\t\t<\/div>\n\t\t\t\t\t\t<\/div>\n\t\t\t\t<\/div>\n\t\t\t\t\t<\/div>\n\t\t\t\t<\/div>\n\t\t<div class=\"elementor-element elementor-element-f2c988e e-flex e-con-boxed parallax_section_no qode_elementor_container_no e-con e-parent\" data-id=\"f2c988e\" data-element_type=\"container\" data-e-type=\"container\" data-settings=\"{&quot;background_background&quot;:&quot;classic&quot;}\">\n\t\t\t\t\t<div class=\"e-con-inner\">\n\t\t<div class=\"elementor-element elementor-element-00c67f9 e-con-full e-flex parallax_section_no qode_elementor_container_no e-con e-child\" data-id=\"00c67f9\" data-element_type=\"container\" data-e-type=\"container\" data-settings=\"{&quot;background_background&quot;:&quot;classic&quot;}\">\n\t\t\t\t<div class=\"elementor-element elementor-element-76d3bf4 elementor-widget__width-initial elementor-widget elementor-widget-spacer\" data-id=\"76d3bf4\" data-element_type=\"widget\" data-e-type=\"widget\" data-widget_type=\"spacer.default\">\n\t\t\t\t\t\t\t<div class=\"elementor-spacer\">\n\t\t\t<div class=\"elementor-spacer-inner\"><\/div>\n\t\t<\/div>\n\t\t\t\t\t\t<\/div>\n\t\t\t\t<div class=\"elementor-element elementor-element-fd362f9 elementor-widget elementor-widget-text-editor\" data-id=\"fd362f9\" data-element_type=\"widget\" data-e-type=\"widget\" data-widget_type=\"text-editor.default\">\n\t\t\t\t\t\t\t\t\t<p><em>\u00ab Notre exp\u00e9rience, des succ\u00e8s comme des \u00e9checs, nous a appris \u00e0 rester humble dans notre approche du business. Cela nous a \u00e9galement confort\u00e9 dans l\u2019id\u00e9e que l\u2019on ne pouvait pas avoir une approche standardis\u00e9e du d\u00e9veloppement d\u2019entreprise, mais au contraire, qu\u2019il fallait favoriser une approche adapt\u00e9e \u00e0 la fois \u00e0 l\u2019organisation de l\u2019entreprise que nous accompagnons, mais \u00e9galement \u00e0 sa culture et \u00e0 son degr\u00e9 de maturit\u00e9. \u00bb<\/em><\/p><p><strong>Meziane Idjerouidene, <\/strong>Pr\u00e9sident.<\/p>\t\t\t\t\t\t\t\t<\/div>\n\t\t\t\t<\/div>\n\t\t\t\t\t<\/div>\n\t\t\t\t<\/div>\n\t\t<div class=\"elementor-element elementor-element-08988c6 e-flex e-con-boxed parallax_section_no qode_elementor_container_no e-con e-parent\" data-id=\"08988c6\" data-element_type=\"container\" data-e-type=\"container\">\n\t\t\t\t\t<div class=\"e-con-inner\">\n\t\t\t\t<div class=\"elementor-element elementor-element-33a1055 elementor-widget elementor-widget-text-editor\" data-id=\"33a1055\" data-element_type=\"widget\" data-e-type=\"widget\" data-widget_type=\"text-editor.default\">\n\t\t\t\t\t\t\t\t\t<h2>POURQUOI WEAVING GROUP ?<\/h2><p><strong>Tisser les liens d\u2019une aventure humaine<\/strong><br \/>Le tissage est pour nous un formidable champ d\u2019expression de nos valeurs et de l\u2019ADN de Weaving Group. Il incarne la volont\u00e9 du groupe de<strong> tirer le fil d\u2019une histoire commune, sans renier ses origines, le regard tourn\u00e9 vers l\u2019avenir.<\/strong><\/p><p>Si l\u2019on remonte aux origines historiques du mot, le tissage fait partie int\u00e9grante de la culture des pays dans lesquels nous sommes pr\u00e9sents mais pas seulement :<\/p><ul><li>Chez les Grecs, comme chez les Egyptiens, le<strong> tissage est symbole de lien, de destin et du dessein<\/strong> qui mat\u00e9rialise le projet humain.<\/li><li>Chez les Tellems, le<strong> tissu est parole<\/strong> ! \u00catre nu, c\u2019est \u00eatre sans parole.<\/li><li>Chez les Berb\u00e8res, le <strong>tissage est symbole de coh\u00e9sion et d\u2019\u00e9quilibre<\/strong>.<\/li><\/ul><p>Il a un c\u00f4t\u00e9 \u00e0 la fois universel et intemporel et repr\u00e9sente ainsi le parfait symbole de notre volont\u00e9 quotidienne de \u00ab <strong>tisser des liens<\/strong> \u00bb de fa\u00e7on durable entre les personnes et entre les continents, de favoriser les \u00e9changes et de continuer \u00e0 se d\u00e9velopper en faisant grandir nos partenaires.<\/p>\t\t\t\t\t\t\t\t<\/div>\n\t\t\t\t\t<\/div>\n\t\t\t\t<\/div>\n\t\t\t\t<\/div>\n\t\t","protected":false},"excerpt":{"rendered":"<p>ABOUT Home About In four decades, Weaving Group has managed to elevate its brands to the rank of leaders in various sectors while maintaining its ability to detect opportunities. The group currently supports the development of around ten companies worldwide, operating in sectors such as&#8230;<\/p>\n","protected":false},"author":19,"featured_media":0,"parent":0,"menu_order":0,"comment_status":"closed","ping_status":"closed","template":"full_width.php","meta":{"_exactmetrics_skip_tracking":false,"_exactmetrics_sitenote_active":false,"_exactmetrics_sitenote_note":"","_exactmetrics_sitenote_category":0,"footnotes":""},"class_list":["post-4456","page","type-page","status-publish","hentry"],"yoast_head":"<!-- This site is optimized with the Yoast SEO plugin v27.5 - https:\/\/yoast.com\/product\/yoast-seo-wordpress\/ -->\n<title>Weaving Group - independent and committed family-owned<\/title>\n<meta name=\"description\" content=\"Founded in 1983, Weaving Group is an independent family group that creates, develops, and diversifies sustainable companies.\" \/>\n<meta name=\"robots\" content=\"index, follow, max-snippet:-1, max-image-preview:large, max-video-preview:-1\" \/>\n<link rel=\"canonical\" href=\"https:\/\/weaving-group.com\/en\/about\/\" \/>\n<meta property=\"og:locale\" content=\"en_US\" \/>\n<meta property=\"og:type\" content=\"article\" \/>\n<meta property=\"og:title\" content=\"Weaving Group - independent and committed family-owned\" \/>\n<meta property=\"og:description\" content=\"Founded in 1983, Weaving Group is an independent family group that creates, develops, and diversifies sustainable companies.\" \/>\n<meta property=\"og:url\" content=\"https:\/\/weaving-group.com\/en\/about\/\" \/>\n<meta property=\"og:site_name\" content=\"Weaving Group\" \/>\n<meta property=\"og:image\" content=\"https:\/\/weaving-group.com\/wp-content\/uploads\/2019\/03\/WEAVING_subtitle_icon.png\" \/>\n<meta name=\"twitter:card\" content=\"summary_large_image\" \/>\n<meta name=\"twitter:label1\" content=\"Est. reading time\" \/>\n\t<meta name=\"twitter:data1\" content=\"2 minutes\" \/>\n<script type=\"application\/ld+json\" class=\"yoast-schema-graph\">{\"@context\":\"https:\\\/\\\/schema.org\",\"@graph\":[{\"@type\":\"WebPage\",\"@id\":\"https:\\\/\\\/weaving-group.com\\\/en\\\/about\\\/\",\"url\":\"https:\\\/\\\/weaving-group.com\\\/en\\\/about\\\/\",\"name\":\"Weaving Group - independent and committed family-owned\",\"isPartOf\":{\"@id\":\"https:\\\/\\\/weaving-group.com\\\/#website\"},\"primaryImageOfPage\":{\"@id\":\"https:\\\/\\\/weaving-group.com\\\/en\\\/about\\\/#primaryimage\"},\"image\":{\"@id\":\"https:\\\/\\\/weaving-group.com\\\/en\\\/about\\\/#primaryimage\"},\"thumbnailUrl\":\"https:\\\/\\\/weaving-group.com\\\/wp-content\\\/uploads\\\/2019\\\/03\\\/WEAVING_subtitle_icon.png\",\"datePublished\":\"2025-12-14T14:29:07+00:00\",\"description\":\"Founded in 1983, Weaving Group is an independent family group that creates, develops, and diversifies sustainable companies.\",\"inLanguage\":\"en-US\",\"potentialAction\":[{\"@type\":\"ReadAction\",\"target\":[\"https:\\\/\\\/weaving-group.com\\\/en\\\/about\\\/\"]}]},{\"@type\":\"ImageObject\",\"inLanguage\":\"en-US\",\"@id\":\"https:\\\/\\\/weaving-group.com\\\/en\\\/about\\\/#primaryimage\",\"url\":\"https:\\\/\\\/weaving-group.com\\\/wp-content\\\/uploads\\\/2019\\\/03\\\/WEAVING_subtitle_icon.png\",\"contentUrl\":\"https:\\\/\\\/weaving-group.com\\\/wp-content\\\/uploads\\\/2019\\\/03\\\/WEAVING_subtitle_icon.png\"},{\"@type\":\"WebSite\",\"@id\":\"https:\\\/\\\/weaving-group.com\\\/#website\",\"url\":\"https:\\\/\\\/weaving-group.com\\\/\",\"name\":\"Weaving Group\",\"description\":\"Groupe familial fond\u00e9 en 1983\",\"publisher\":{\"@id\":\"https:\\\/\\\/weaving-group.com\\\/#organization\"},\"potentialAction\":[{\"@type\":\"SearchAction\",\"target\":{\"@type\":\"EntryPoint\",\"urlTemplate\":\"https:\\\/\\\/weaving-group.com\\\/?s={search_term_string}\"},\"query-input\":{\"@type\":\"PropertyValueSpecification\",\"valueRequired\":true,\"valueName\":\"search_term_string\"}}],\"inLanguage\":\"en-US\"},{\"@type\":\"Organization\",\"@id\":\"https:\\\/\\\/weaving-group.com\\\/#organization\",\"name\":\"Weaving Group\",\"url\":\"https:\\\/\\\/weaving-group.com\\\/\",\"logo\":{\"@type\":\"ImageObject\",\"inLanguage\":\"en-US\",\"@id\":\"https:\\\/\\\/weaving-group.com\\\/#\\\/schema\\\/logo\\\/image\\\/\",\"url\":\"https:\\\/\\\/i1.wp.com\\\/weaving-group.com\\\/wp-content\\\/uploads\\\/2019\\\/03\\\/WEAVING_logo.png?fit=176%2C24&ssl=1\",\"contentUrl\":\"https:\\\/\\\/i1.wp.com\\\/weaving-group.com\\\/wp-content\\\/uploads\\\/2019\\\/03\\\/WEAVING_logo.png?fit=176%2C24&ssl=1\",\"width\":176,\"height\":24,\"caption\":\"Weaving Group\"},\"image\":{\"@id\":\"https:\\\/\\\/weaving-group.com\\\/#\\\/schema\\\/logo\\\/image\\\/\"},\"sameAs\":[\"https:\\\/\\\/fr.linkedin.com\\\/company\\\/weaving-group\"]}]}<\/script>\n<!-- \/ Yoast SEO plugin. -->","yoast_head_json":{"title":"Weaving Group - independent and committed family-owned","description":"Founded in 1983, Weaving Group is an independent family group that creates, develops, and diversifies sustainable companies.","robots":{"index":"index","follow":"follow","max-snippet":"max-snippet:-1","max-image-preview":"max-image-preview:large","max-video-preview":"max-video-preview:-1"},"canonical":"https:\/\/weaving-group.com\/en\/about\/","og_locale":"en_US","og_type":"article","og_title":"Weaving Group - independent and committed family-owned","og_description":"Founded in 1983, Weaving Group is an independent family group that creates, develops, and diversifies sustainable companies.","og_url":"https:\/\/weaving-group.com\/en\/about\/","og_site_name":"Weaving Group","og_image":[{"url":"https:\/\/weaving-group.com\/wp-content\/uploads\/2019\/03\/WEAVING_subtitle_icon.png","type":"","width":"","height":""}],"twitter_card":"summary_large_image","twitter_misc":{"Est. reading time":"2 minutes"},"schema":{"@context":"https:\/\/schema.org","@graph":[{"@type":"WebPage","@id":"https:\/\/weaving-group.com\/en\/about\/","url":"https:\/\/weaving-group.com\/en\/about\/","name":"Weaving Group - independent and committed family-owned","isPartOf":{"@id":"https:\/\/weaving-group.com\/#website"},"primaryImageOfPage":{"@id":"https:\/\/weaving-group.com\/en\/about\/#primaryimage"},"image":{"@id":"https:\/\/weaving-group.com\/en\/about\/#primaryimage"},"thumbnailUrl":"https:\/\/weaving-group.com\/wp-content\/uploads\/2019\/03\/WEAVING_subtitle_icon.png","datePublished":"2025-12-14T14:29:07+00:00","description":"Founded in 1983, Weaving Group is an independent family group that creates, develops, and diversifies sustainable companies.","inLanguage":"en-US","potentialAction":[{"@type":"ReadAction","target":["https:\/\/weaving-group.com\/en\/about\/"]}]},{"@type":"ImageObject","inLanguage":"en-US","@id":"https:\/\/weaving-group.com\/en\/about\/#primaryimage","url":"https:\/\/weaving-group.com\/wp-content\/uploads\/2019\/03\/WEAVING_subtitle_icon.png","contentUrl":"https:\/\/weaving-group.com\/wp-content\/uploads\/2019\/03\/WEAVING_subtitle_icon.png"},{"@type":"WebSite","@id":"https:\/\/weaving-group.com\/#website","url":"https:\/\/weaving-group.com\/","name":"Weaving Group","description":"Groupe familial fond\u00e9 en 1983","publisher":{"@id":"https:\/\/weaving-group.com\/#organization"},"potentialAction":[{"@type":"SearchAction","target":{"@type":"EntryPoint","urlTemplate":"https:\/\/weaving-group.com\/?s={search_term_string}"},"query-input":{"@type":"PropertyValueSpecification","valueRequired":true,"valueName":"search_term_string"}}],"inLanguage":"en-US"},{"@type":"Organization","@id":"https:\/\/weaving-group.com\/#organization","name":"Weaving Group","url":"https:\/\/weaving-group.com\/","logo":{"@type":"ImageObject","inLanguage":"en-US","@id":"https:\/\/weaving-group.com\/#\/schema\/logo\/image\/","url":"https:\/\/i1.wp.com\/weaving-group.com\/wp-content\/uploads\/2019\/03\/WEAVING_logo.png?fit=176%2C24&ssl=1","contentUrl":"https:\/\/i1.wp.com\/weaving-group.com\/wp-content\/uploads\/2019\/03\/WEAVING_logo.png?fit=176%2C24&ssl=1","width":176,"height":24,"caption":"Weaving Group"},"image":{"@id":"https:\/\/weaving-group.com\/#\/schema\/logo\/image\/"},"sameAs":["https:\/\/fr.linkedin.com\/company\/weaving-group"]}]}},"jetpack_shortlink":"https:\/\/wp.me\/PaOWzv-19S","jetpack_sharing_enabled":true,"_links":{"self":[{"href":"https:\/\/weaving-group.com\/en\/wp-json\/wp\/v2\/pages\/4456","targetHints":{"allow":["GET"]}}],"collection":[{"href":"https:\/\/weaving-group.com\/en\/wp-json\/wp\/v2\/pages"}],"about":[{"href":"https:\/\/weaving-group.com\/en\/wp-json\/wp\/v2\/types\/page"}],"author":[{"embeddable":true,"href":"https:\/\/weaving-group.com\/en\/wp-json\/wp\/v2\/users\/19"}],"replies":[{"embeddable":true,"href":"https:\/\/weaving-group.com\/en\/wp-json\/wp\/v2\/comments?post=4456"}],"version-history":[{"count":0,"href":"https:\/\/weaving-group.com\/en\/wp-json\/wp\/v2\/pages\/4456\/revisions"}],"wp:attachment":[{"href":"https:\/\/weaving-group.com\/en\/wp-json\/wp\/v2\/media?parent=4456"}],"curies":[{"name":"wp","href":"https:\/\/api.w.org\/{rel}","templated":true}]}}