{"id":2537,"date":"2019-04-05T13:24:57","date_gmt":"2019-04-05T13:24:57","guid":{"rendered":"https:\/\/weaving-group.unsitetoutdesuite.fr\/activities\/la-chambre-aux-confitures\/"},"modified":"2019-04-16T10:22:51","modified_gmt":"2019-04-16T10:22:51","slug":"la-chambre-aux-confitures","status":"publish","type":"page","link":"https:\/\/weaving-group.com\/en\/la-chambre-aux-confitures\/","title":{"rendered":"La Chambre aux Confitures"},"content":{"rendered":"<p>[vc_row css_animation=&#8221;&#8221; row_type=&#8221;row&#8221; use_row_as_full_screen_section=&#8221;no&#8221; type=&#8221;full_width&#8221; angled_section=&#8221;no&#8221; text_align=&#8221;center&#8221; background_image_as_pattern=&#8221;without_pattern&#8221; z_index=&#8221;&#8221; css=&#8221;.vc_custom_1554373037099{padding-right: 5% !important;padding-left: 5% !important;}&#8221;][vc_column][vc_empty_space height=&#8221;52px&#8221;][vc_column_text]<\/p>\n<h2>LA CHAMBRE AUX CONFITURES<\/h2>\n<p>[\/vc_column_text][vc_empty_space height=&#8221;15px&#8221;][vc_single_image image=&#8221;277&#8243; alignment=&#8221;center&#8221; qode_css_animation=&#8221;&#8221;][vc_empty_space height=&#8221;42px&#8221;][vc_column_text]<span style=\"color: #000000;\"><b>La Chambre aux Confitures est l\u2019\u00e9picerie fine de r\u00e9f\u00e9rence dans la confection de confitures haut de gamme produites en France.<\/b><\/span><\/p>\n<p><span style=\"color: #000000;\">La Chambre aux confitures est pr\u00e9sente via ses magasins \u00e0 Paris, Aix-en-Provence, Lyon et Lille, ainsi que sur leurs site e-commerce. Des grands classiques aux m\u00e9langes les plus singuliers, La chambre aux Confitures a d\u00e9clin\u00e9 son amour pour ce met d\u00e9licat \u00e0 travers une centaine de parfums imagin\u00e9s et produits dans la Somme.<\/span>[\/vc_column_text][vc_empty_space]<a  itemprop=\"url\" href=\"https:\/\/lachambreauxconfitures.com\/fr\/\" target=\"_blank\" data-hover-background-color=\"#000000\" data-hover-border-color=\"#000000\" data-hover-color=\"#ffffff\" class=\"qbutton  large center white default\" style=\"color: #000000; border-color: #000000; font-weight: 600; text-transform: none; letter-spacing: 2px; \">VOIR LE SITE<\/a>[vc_empty_space height=&#8221;100px&#8221;][\/vc_column][\/vc_row][vc_row css_animation=&#8221;&#8221; row_type=&#8221;row&#8221; use_row_as_full_screen_section=&#8221;no&#8221; type=&#8221;full_width&#8221; angled_section=&#8221;no&#8221; text_align=&#8221;left&#8221; background_image_as_pattern=&#8221;without_pattern&#8221; z_index=&#8221;&#8221;][vc_column css=&#8221;.vc_custom_1553869127476{background-color: #041c26 !important;}&#8221;][vc_column_text css=&#8221;.vc_custom_1554714283665{padding-top: 2% !important;padding-right: 7% !important;padding-bottom: 5% !important;padding-left: 7% !important;}&#8221;]<\/p>\n<p style=\"text-align: center;\"><span style=\"color: #ffffff;\"><strong>La Chambre aux Confitures\u00a0 <\/strong>|\u00a0 9 rue des Martyrs 75009 Paris FRANCE<strong>\u00a0 \u00a0<\/strong>|\u00a0 \u00a0Tel : +33 (0)1 71 73 43 77<strong> \u00a0<\/strong><\/span><\/p>\n<p>[\/vc_column_text][\/vc_column][\/vc_row][vc_row css_animation=&#8221;&#8221; row_type=&#8221;row&#8221; use_row_as_full_screen_section=&#8221;no&#8221; type=&#8221;full_width&#8221; angled_section=&#8221;no&#8221; text_align=&#8221;center&#8221; background_image_as_pattern=&#8221;without_pattern&#8221; css=&#8221;.vc_custom_1554464609541{background-color: #f5f5f5 !important;}&#8221; z_index=&#8221;&#8221;][vc_column][vc_empty_space height=&#8221;52px&#8221;][vc_column_text]<\/p>\n<h3 class=\"soc--title\"><span style=\"color: #7d7d7d; font-size: 18pt;\">Retrouvez-nous sur<\/span><\/h3>\n<p>[\/vc_column_text][vc_empty_space][qode_elements_holder number_of_columns=&#8221;one_column&#8221;][qode_elements_holder_item horizontal_alignment=&#8221;right&#8221; advanced_animations=&#8221;no&#8221; item_padding=&#8221;0 90px 0 0&#8243; item_padding_600_768=&#8221;0 20px 0 0&#8243; item_padding_480_600=&#8221;0 20px 0 0&#8243; item_padding_480=&#8221;0 20px 0 0&#8243; item_padding_768_1024=&#8221;0 20px 0 0&#8243;]<span class='q_social_icon_holder normal_social' data-color=#7b7b7b data-hover-color=#999999><a itemprop='url' href='https:\/\/www.facebook.com\/lachambreauxconfitures\/' target='_blank'><i class=\"qode_icon_font_awesome fa fa-facebook fa-2x simple_social\" style=\"color: #7b7b7b;\" ><\/i><\/a><\/span>[\/qode_elements_holder_item][qode_elements_holder_item horizontal_alignment=&#8221;left&#8221; advanced_animations=&#8221;no&#8221; item_padding=&#8221;0 0 0 90px&#8221; item_padding_768_1024=&#8221;0 0 0 20px&#8221; item_padding_600_768=&#8221;0 0 0 20px&#8221; item_padding_480_600=&#8221;0 0 0 20px&#8221; item_padding_480=&#8221;0 0 0 20px&#8221;]<span class='q_social_icon_holder normal_social' data-color=#7b7b7b data-hover-color=#999999><a itemprop='url' href='https:\/\/www.instagram.com\/lachambreauxconfitures\/' target='_blank'><i class=\"qode_icon_font_awesome fa fa-instagram fa-2x simple_social\" style=\"color: #7b7b7b;\" ><\/i><\/a><\/span>[\/qode_elements_holder_item][\/qode_elements_holder][vc_empty_space height=&#8221;62px&#8221;][\/vc_column][\/vc_row]<\/p>\n","protected":false},"excerpt":{"rendered":"<p>[vc_row css_animation=&#8221;&#8221; row_type=&#8221;row&#8221; use_row_as_full_screen_section=&#8221;no&#8221; type=&#8221;full_width&#8221; angled_section=&#8221;no&#8221; text_align=&#8221;center&#8221; background_image_as_pattern=&#8221;without_pattern&#8221; z_index=&#8221;&#8221; css=&#8221;.vc_custom_1554373037099{padding-right: 5% !important;padding-left: 5% !important;}&#8221;][vc_column][vc_empty_space height=&#8221;52px&#8221;][vc_column_text] LA CHAMBRE AUX CONFITURES [\/vc_column_text][vc_empty_space height=&#8221;15px&#8221;][vc_single_image image=&#8221;277&#8243; alignment=&#8221;center&#8221; qode_css_animation=&#8221;&#8221;][vc_empty_space height=&#8221;42px&#8221;][vc_column_text]La Chambre aux Confitures est l\u2019\u00e9picerie fine de r\u00e9f\u00e9rence dans la confection de confitures haut de gamme produites en France. La&#8230;<\/p>\n","protected":false},"author":1,"featured_media":0,"parent":0,"menu_order":0,"comment_status":"closed","ping_status":"closed","template":"","meta":{"_exactmetrics_skip_tracking":false,"_exactmetrics_sitenote_active":false,"_exactmetrics_sitenote_note":"","_exactmetrics_sitenote_category":0,"footnotes":""},"class_list":["post-2537","page","type-page","status-publish","hentry"],"yoast_head":"<!-- This site is optimized with the Yoast SEO plugin v27.4 - https:\/\/yoast.com\/product\/yoast-seo-wordpress\/ -->\n<title>La Chambre aux Confitures - Weaving Group<\/title>\n<meta name=\"description\" content=\"La Chambre aux Confitures est l\u2019\u00e9picerie fine de r\u00e9f\u00e9rence dans la confection de confitures haut de gamme produites en France.\" \/>\n<meta name=\"robots\" content=\"index, follow, max-snippet:-1, max-image-preview:large, max-video-preview:-1\" \/>\n<link rel=\"canonical\" href=\"https:\/\/weaving-group.com\/activites\/la-chambre\/\" \/>\n<meta property=\"og:locale\" content=\"en_US\" \/>\n<meta property=\"og:type\" content=\"article\" \/>\n<meta property=\"og:title\" content=\"La Chambre aux Confitures - Weaving Group\" \/>\n<meta property=\"og:description\" content=\"La Chambre aux Confitures est l\u2019\u00e9picerie fine de r\u00e9f\u00e9rence dans la confection de confitures haut de gamme produites en France.\" \/>\n<meta property=\"og:url\" content=\"https:\/\/weaving-group.com\/activites\/la-chambre\/\" \/>\n<meta property=\"og:site_name\" content=\"Weaving Group\" \/>\n<meta property=\"article:modified_time\" content=\"2019-04-16T10:22:51+00:00\" \/>\n<meta name=\"twitter:card\" content=\"summary_large_image\" \/>\n<meta name=\"twitter:label1\" content=\"Est. reading time\" \/>\n\t<meta name=\"twitter:data1\" content=\"2 minutes\" \/>\n<script type=\"application\/ld+json\" class=\"yoast-schema-graph\">{\"@context\":\"https:\\\/\\\/schema.org\",\"@graph\":[{\"@type\":\"WebPage\",\"@id\":\"https:\\\/\\\/weaving-group.com\\\/activites\\\/la-chambre\\\/\",\"url\":\"https:\\\/\\\/weaving-group.com\\\/activites\\\/la-chambre\\\/\",\"name\":\"La Chambre aux Confitures - Weaving Group\",\"isPartOf\":{\"@id\":\"https:\\\/\\\/weaving-group.com\\\/#website\"},\"datePublished\":\"2019-04-05T13:24:57+00:00\",\"dateModified\":\"2019-04-16T10:22:51+00:00\",\"description\":\"La Chambre aux Confitures est l\u2019\u00e9picerie fine de r\u00e9f\u00e9rence dans la confection de confitures haut de gamme produites en France.\",\"inLanguage\":\"en-US\",\"potentialAction\":[{\"@type\":\"ReadAction\",\"target\":[\"https:\\\/\\\/weaving-group.com\\\/activites\\\/la-chambre\\\/\"]}]},{\"@type\":\"WebSite\",\"@id\":\"https:\\\/\\\/weaving-group.com\\\/#website\",\"url\":\"https:\\\/\\\/weaving-group.com\\\/\",\"name\":\"Weaving Group\",\"description\":\"Groupe familial fond\u00e9 en 1983\",\"publisher\":{\"@id\":\"https:\\\/\\\/weaving-group.com\\\/#organization\"},\"potentialAction\":[{\"@type\":\"SearchAction\",\"target\":{\"@type\":\"EntryPoint\",\"urlTemplate\":\"https:\\\/\\\/weaving-group.com\\\/?s={search_term_string}\"},\"query-input\":{\"@type\":\"PropertyValueSpecification\",\"valueRequired\":true,\"valueName\":\"search_term_string\"}}],\"inLanguage\":\"en-US\"},{\"@type\":\"Organization\",\"@id\":\"https:\\\/\\\/weaving-group.com\\\/#organization\",\"name\":\"Weaving Group\",\"url\":\"https:\\\/\\\/weaving-group.com\\\/\",\"logo\":{\"@type\":\"ImageObject\",\"inLanguage\":\"en-US\",\"@id\":\"https:\\\/\\\/weaving-group.com\\\/#\\\/schema\\\/logo\\\/image\\\/\",\"url\":\"https:\\\/\\\/i1.wp.com\\\/weaving-group.com\\\/wp-content\\\/uploads\\\/2019\\\/03\\\/WEAVING_logo.png?fit=176%2C24&ssl=1\",\"contentUrl\":\"https:\\\/\\\/i1.wp.com\\\/weaving-group.com\\\/wp-content\\\/uploads\\\/2019\\\/03\\\/WEAVING_logo.png?fit=176%2C24&ssl=1\",\"width\":176,\"height\":24,\"caption\":\"Weaving Group\"},\"image\":{\"@id\":\"https:\\\/\\\/weaving-group.com\\\/#\\\/schema\\\/logo\\\/image\\\/\"},\"sameAs\":[\"https:\\\/\\\/fr.linkedin.com\\\/company\\\/weaving-group\"]}]}<\/script>\n<!-- \/ Yoast SEO plugin. -->","yoast_head_json":{"title":"La Chambre aux Confitures - Weaving Group","description":"La Chambre aux Confitures est l\u2019\u00e9picerie fine de r\u00e9f\u00e9rence dans la confection de confitures haut de gamme produites en France.","robots":{"index":"index","follow":"follow","max-snippet":"max-snippet:-1","max-image-preview":"max-image-preview:large","max-video-preview":"max-video-preview:-1"},"canonical":"https:\/\/weaving-group.com\/activites\/la-chambre\/","og_locale":"en_US","og_type":"article","og_title":"La Chambre aux Confitures - Weaving Group","og_description":"La Chambre aux Confitures est l\u2019\u00e9picerie fine de r\u00e9f\u00e9rence dans la confection de confitures haut de gamme produites en France.","og_url":"https:\/\/weaving-group.com\/activites\/la-chambre\/","og_site_name":"Weaving Group","article_modified_time":"2019-04-16T10:22:51+00:00","twitter_card":"summary_large_image","twitter_misc":{"Est. reading time":"2 minutes"},"schema":{"@context":"https:\/\/schema.org","@graph":[{"@type":"WebPage","@id":"https:\/\/weaving-group.com\/activites\/la-chambre\/","url":"https:\/\/weaving-group.com\/activites\/la-chambre\/","name":"La Chambre aux Confitures - Weaving Group","isPartOf":{"@id":"https:\/\/weaving-group.com\/#website"},"datePublished":"2019-04-05T13:24:57+00:00","dateModified":"2019-04-16T10:22:51+00:00","description":"La Chambre aux Confitures est l\u2019\u00e9picerie fine de r\u00e9f\u00e9rence dans la confection de confitures haut de gamme produites en France.","inLanguage":"en-US","potentialAction":[{"@type":"ReadAction","target":["https:\/\/weaving-group.com\/activites\/la-chambre\/"]}]},{"@type":"WebSite","@id":"https:\/\/weaving-group.com\/#website","url":"https:\/\/weaving-group.com\/","name":"Weaving Group","description":"Groupe familial fond\u00e9 en 1983","publisher":{"@id":"https:\/\/weaving-group.com\/#organization"},"potentialAction":[{"@type":"SearchAction","target":{"@type":"EntryPoint","urlTemplate":"https:\/\/weaving-group.com\/?s={search_term_string}"},"query-input":{"@type":"PropertyValueSpecification","valueRequired":true,"valueName":"search_term_string"}}],"inLanguage":"en-US"},{"@type":"Organization","@id":"https:\/\/weaving-group.com\/#organization","name":"Weaving Group","url":"https:\/\/weaving-group.com\/","logo":{"@type":"ImageObject","inLanguage":"en-US","@id":"https:\/\/weaving-group.com\/#\/schema\/logo\/image\/","url":"https:\/\/i1.wp.com\/weaving-group.com\/wp-content\/uploads\/2019\/03\/WEAVING_logo.png?fit=176%2C24&ssl=1","contentUrl":"https:\/\/i1.wp.com\/weaving-group.com\/wp-content\/uploads\/2019\/03\/WEAVING_logo.png?fit=176%2C24&ssl=1","width":176,"height":24,"caption":"Weaving Group"},"image":{"@id":"https:\/\/weaving-group.com\/#\/schema\/logo\/image\/"},"sameAs":["https:\/\/fr.linkedin.com\/company\/weaving-group"]}]}},"jetpack_shortlink":"https:\/\/wp.me\/PaOWzv-EV","jetpack_sharing_enabled":true,"_links":{"self":[{"href":"https:\/\/weaving-group.com\/en\/wp-json\/wp\/v2\/pages\/2537","targetHints":{"allow":["GET"]}}],"collection":[{"href":"https:\/\/weaving-group.com\/en\/wp-json\/wp\/v2\/pages"}],"about":[{"href":"https:\/\/weaving-group.com\/en\/wp-json\/wp\/v2\/types\/page"}],"author":[{"embeddable":true,"href":"https:\/\/weaving-group.com\/en\/wp-json\/wp\/v2\/users\/1"}],"replies":[{"embeddable":true,"href":"https:\/\/weaving-group.com\/en\/wp-json\/wp\/v2\/comments?post=2537"}],"version-history":[{"count":1,"href":"https:\/\/weaving-group.com\/en\/wp-json\/wp\/v2\/pages\/2537\/revisions"}],"predecessor-version":[{"id":2539,"href":"https:\/\/weaving-group.com\/en\/wp-json\/wp\/v2\/pages\/2537\/revisions\/2539"}],"wp:attachment":[{"href":"https:\/\/weaving-group.com\/en\/wp-json\/wp\/v2\/media?parent=2537"}],"curies":[{"name":"wp","href":"https:\/\/api.w.org\/{rel}","templated":true}]}}