{"id":2516,"date":"2019-03-29T13:26:51","date_gmt":"2019-03-29T13:26:51","guid":{"rendered":"https:\/\/weaving-group.unsitetoutdesuite.fr\/informations-legales\/"},"modified":"2019-04-19T07:50:04","modified_gmt":"2019-04-19T07:50:04","slug":"legal-notices","status":"publish","type":"page","link":"https:\/\/weaving-group.com\/en\/legal-notices\/","title":{"rendered":"Legal notices"},"content":{"rendered":"<p>[vc_row css_animation=&#8221;&#8221; row_type=&#8221;row&#8221; use_row_as_full_screen_section=&#8221;no&#8221; type=&#8221;full_width&#8221; angled_section=&#8221;no&#8221; text_align=&#8221;left&#8221; background_image_as_pattern=&#8221;without_pattern&#8221; css=&#8221;.vc_custom_1553866362054{padding-right: 8% !important;padding-left: 8% !important;}&#8221; z_index=&#8221;&#8221;][vc_column][vc_empty_space height=&#8221;65px&#8221;][vc_column_text]<span style=\"color: #000000;\"><strong>MENTIONS LEGALES<\/strong><\/span><\/p>\n<p>&nbsp;<\/p>\n<p><span style=\"color: #000000;\">Site \u00e9dit\u00e9 par Weaving Group, SAS au capital de 2 000 000 euros, immatricul\u00e9e au Registre du Commerce et des Soci\u00e9t\u00e9s de Paris sous le num\u00e9ro 32703416100072,<\/span><br \/>\n<span style=\"color: #000000;\">36 rue des Je\u00fbneurs \u2013 75002 PARIS.<\/span><br \/>\n<span style=\"color: #000000;\">Num\u00e9ro de t\u00e9l\u00e9phone : 01 40 28 24 21<\/span><br \/>\n<span style=\"color: #000000;\">Contact : hello@weaving-group.com<\/span><br \/>\n<span style=\"color: #000000;\">R\u00e9daction et Web-Design : Dagobert \u2013 39, rue des Mathurins \u2013 75008 Paris<\/span><br \/>\n<span style=\"color: #000000;\">Directeur de la publication :\u00a0Guillaume Gartioux<\/span><\/p>\n<p>&nbsp;<\/p>\n<p><span style=\"color: #000000;\">Site h\u00e9berg\u00e9 par : Synthen<\/span><\/p>\n<p>&nbsp;<\/p>\n<p><span style=\"color: #000000;\"><strong>DONNEES PERSONNELLES<\/strong><\/span><\/p>\n<p>&nbsp;<\/p>\n<p><span style=\"color: #000000;\">Dans le cadre du fonctionnement du Site et du traitement de vos demandes, nous sommes amen\u00e9s \u00e0 collecter et \u00e0 g\u00e9rer vos donn\u00e9es personnelles.<\/span><\/p>\n<p>&nbsp;<\/p>\n<p><span style=\"color: #000000;\">Conform\u00e9ment \u00e0 la loi \u00ab informatique et libert\u00e9s \u00bb du 06 Janvier 1978 modifi\u00e9e en 2004 vous b\u00e9n\u00e9ficiez d\u2019un droit d\u2019acc\u00e8s et de rectification de vos donn\u00e9es en adressant un courrier \u00e0 l\u2019adresse postale suivante : Weaving Group, Webmaster, 36 rue des Je\u00fbneurs \u2013 75002 PARIS (timbre rembours\u00e9 sur demande au tarif en vigueur) ou un email \u00e0 l\u2019adresse suivante : hello@weaving-group.com. Les donn\u00e9es seront conserv\u00e9es pendant une dur\u00e9e d\u2019un an \u00e0 compter de leur collecte. Vous pouvez \u00e9galement pour des motifs l\u00e9gitimes vous opposer au traitement de vos donn\u00e9es.<\/span><\/p>\n<p>&nbsp;<\/p>\n<p><span style=\"color: #000000;\"><strong>Gestion des candidatures<\/strong><\/span><\/p>\n<p>&nbsp;<\/p>\n<p><span style=\"color: #000000;\">Weaving Group n\u2019intervient \u00e0 aucun moment dans les op\u00e9rations de recrutements g\u00e9r\u00e9es directement par ses filiales. Toutes vos donn\u00e9es collect\u00e9es dans le cadre d\u2019une candidature sont uniquement destin\u00e9es \u00e0 la filiale \u00e0 l\u2019origine de l\u2019annonce qui les h\u00e9berge et les traite pour cette finalit\u00e9. Nous vous invitons \u00e0 vous reporter \u00e0 leurs conditions d\u2019utilisation disponibles sur leurs sites internet pour plus d\u2019informations sur les conditions de leur traitement et sur l\u2019exercice de vos droits d\u2019acc\u00e8s, de rectification et d\u2019opposition.<\/span><\/p>\n<p>&nbsp;<\/p>\n<p><span style=\"color: #000000;\"><strong>SECURITE ET CONFIDENTIALITE DES DONNEES<\/strong><\/span><\/p>\n<p>&nbsp;<\/p>\n<p><span style=\"color: #000000;\">Nous nous engageons \u00e0 prendre toutes pr\u00e9cautions utiles et raisonnables pour pr\u00e9server la s\u00e9curit\u00e9 et la confidentialit\u00e9 de vos donn\u00e9es et notamment emp\u00eacher qu\u2019elles soient d\u00e9form\u00e9es, endommag\u00e9es ou que des tiers non autoris\u00e9s y aient acc\u00e8s.<\/span><\/p>\n<p>&nbsp;<\/p>\n<p><span style=\"color: #000000;\">Toutes les donn\u00e9es collect\u00e9es sur le site sont stock\u00e9es dans des \u00ab data-centers \u00bb exclusivement situ\u00e9s en France. La confidentialit\u00e9 et l\u2019int\u00e9grit\u00e9 des donn\u00e9es sont garanties par notre groupe.<\/span><\/p>\n<p>&nbsp;<\/p>\n<p><span style=\"color: #000000;\">De m\u00eame, toutes les informations communiqu\u00e9es dans le cadre de la pr\u00e9sentation de vos projets aux fins d\u2019investissement sont trait\u00e9es avec la plus grande confidentialit\u00e9 sous r\u00e9serve des \u00e9changes avec des professionnels du secteur n\u00e9cessaires \u00e0 l\u2019\u00e9tude de votre dossier<\/span><\/p>\n<p>&nbsp;<\/p>\n<p><span style=\"color: #000000;\"><strong>PROTECTION DES DROITS D\u2019AUTEURS ET CREDITS PHOTOGRAPHIQUES :<\/strong><\/span><\/p>\n<p>&nbsp;<\/p>\n<p><span style=\"color: #000000;\">L\u00b4ensemble des donn\u00e9es, images, photographies ou tout autre contenu diffus\u00e9 sur le site fait l\u00b4objet d\u00b4une protection au titre du droit de la propri\u00e9t\u00e9 intellectuelle.<\/span><\/p>\n<p>&nbsp;<\/p>\n<p><span style=\"color: #000000;\">Par cons\u00e9quent, les internautes ne peuvent utiliser ces \u00e9l\u00e9ments qu\u00b4\u00e0 des fins exclusivement priv\u00e9es.<\/span><\/p>\n<p>&nbsp;<\/p>\n<p><span style=\"color: #000000;\">Toute reproduction, repr\u00e9sentation, utilisation ou adaptation, sous quelle que forme que ce soit, de tout ou partie des \u00e9l\u00e9ments du site sans l\u00b4accord \u00e9crit de Weaving Group est constitutif d\u00b4un acte de contrefa\u00e7on sanctionn\u00e9 par le Code de la Propri\u00e9t\u00e9 Intellectuelle.<\/span><\/p>\n<p>&nbsp;<\/p>\n<p><span style=\"color: #000000;\">Toutes marques et tout autre signe distinctif (logos) qui apparaissent sur ce site sont la propri\u00e9t\u00e9 de Weaving Group. Par cons\u00e9quent, toute reproduction et\/ou repr\u00e9sentation, et tout usage de ces marques sont donc prohib\u00e9s, sauf autorisation \u00e9crite du Groupe.<\/span><\/p>\n<p>&nbsp;<\/p>\n<p><span style=\"color: #000000;\">L\u00b4ensemble des photographies et documents sur ce site ne sont pas contractuels et ne sauraient engager la responsabilit\u00e9 de Weaving Group.<\/span><\/p>\n<p>&nbsp;<\/p>\n<p><span style=\"color: #000000;\"><strong>COOKIES<\/strong><\/span><\/p>\n<p>&nbsp;<\/p>\n<p><span style=\"color: #000000;\">Afin de vous identifier lors de votre connexion sur notre site, nous pouvons implanter un ou plusieurs cookies dans votre ordinateur. Ces cookies nous permettent \u00e9galement d\u2019\u00e9valuer le trafic et la part d\u2019audience de notre site. Ils sont modifi\u00e9s suivant votre navigation au sein du site.<\/span><\/p>\n<p>&nbsp;<\/p>\n<p><span style=\"color: #000000;\"><strong>Contr\u00f4le des cookies<\/strong><\/span><\/p>\n<p>&nbsp;<\/p>\n<p><span style=\"color: #000000;\">Vous pouvez configurer votre ordinateur afin de vous opposer \u00e0 l\u2019enregistrement de cookies. Attention, l\u2019opposition \u00e0 l\u2019utilisation des cookies peut vous emp\u00eacher de profiter pleinement de la navigation sur notre site.<\/span><\/p>\n<p>&nbsp;<\/p>\n<p><span style=\"color: #000000;\">Vous \u00eates invit\u00e9s \u00e0 vous reporter aux menus de param\u00e9trage de votre navigateur, dans lesquels des options permettent de bloquer certains types de cookies, ou de les supprimer apr\u00e8s votre navigation.<\/span><\/p>\n<p>&nbsp;<\/p>\n<p><span style=\"color: #000000;\"><strong>R\u00e9seaux sociaux et analyse du trafic<\/strong><\/span><\/p>\n<p>&nbsp;<\/p>\n<p><span style=\"color: #000000;\">Notre site offre la possibilit\u00e9 de partager un contenu sur des r\u00e9seaux sociaux (Facebook, Twitter, LinkedIn, Google+,\u2026). Ces r\u00e9seaux sociaux peuvent d\u00e9poser, ind\u00e9pendamment de notre site, des cookies dont l\u2019utilisation leur est propre.<\/span><\/p>\n<p>&nbsp;<\/p>\n<p><span style=\"color: #000000;\">Conform\u00e9ment aux recommandations de la CNIL, afin de respecter la vie priv\u00e9e de nos utilisateurs, notre site bloque pr\u00e9alablement et par d\u00e9faut les cookies qui pourraient \u00eatre d\u00e9pos\u00e9s par les r\u00e9seaux sociaux ou autres sites tiers. Vous devrez activer le bouton \u00ab Partager \u00bb afin d\u2019activer cette fonctionnalit\u00e9.<\/span><\/p>\n<p>&nbsp;<\/p>\n<p><span style=\"color: #000000;\">Notre site utilise l\u2019outil Google Analytics afin de proc\u00e9der \u00e0 des mesures d\u2019audience. Ce site tiers d\u00e9pose \u00e9galement des cookies pour son utilisation. Ces cookies sont bloqu\u00e9s par d\u00e9faut, et sont activ\u00e9s lorsque l\u2019Utilisateur donne son consentement sur le bandeau d\u2019autorisation des cookies.<\/span><\/p>\n<p>&nbsp;<\/p>\n<p><span style=\"color: #000000;\">Nous vous invitons \u00e0 consulter la politique d\u2019utilisation de ces sites pour obtenir de plus amples informations sur l\u2019utilisation de vos donn\u00e9es :<\/span><\/p>\n<p>&nbsp;<\/p>\n<p><span style=\"color: #fcd842;\"><a style=\"color: #fcd842;\" href=\"https:\/\/support.google.com\/analytics\/answer\/6004245?hl=fr\" target=\"_blank\" rel=\"noopener noreferrer\">Google Analytics\u00a0<\/a><\/span><br \/>\n<span style=\"color: #fcd842;\"><a style=\"color: #fcd842;\" href=\"https:\/\/www.linkedin.com\/legal\/cookie-policy\" target=\"_blank\" rel=\"noopener noreferrer\">Linkedin<\/a><\/span><br \/>\n<span style=\"color: #fcd842;\"><a style=\"color: #fcd842;\" href=\"https:\/\/www.facebook.com\/help\/cookies\/\" target=\"_blank\" rel=\"noopener noreferrer\">Facebook<\/a><\/span><br \/>\n<span style=\"color: #fcd842;\"><a style=\"color: #fcd842;\" href=\"https:\/\/support.twitter.com\/articles\/20170518-utilisation-des-cookies-et-des-technologies-similaires-par-twitter\" target=\"_blank\" rel=\"noopener noreferrer\">Twitter<\/a><\/span><br \/>\n<span style=\"color: #fcd842;\"><a style=\"color: #fcd842;\" href=\"https:\/\/www.google.com\/policies\/technologies\/cookies\/\" target=\"_blank\" rel=\"noopener noreferrer\">Google +\u00a0<\/a><\/span>[\/vc_column_text][vc_empty_space height=&#8221;200px&#8221; css=&#8221;.vc_custom_1553866826121{background-position: 0 0 !important;background-repeat: no-repeat !important;}&#8221;][\/vc_column][\/vc_row]<\/p>\n","protected":false},"excerpt":{"rendered":"<p>[vc_row css_animation=&#8221;&#8221; row_type=&#8221;row&#8221; use_row_as_full_screen_section=&#8221;no&#8221; type=&#8221;full_width&#8221; angled_section=&#8221;no&#8221; text_align=&#8221;left&#8221; background_image_as_pattern=&#8221;without_pattern&#8221; css=&#8221;.vc_custom_1553866362054{padding-right: 8% !important;padding-left: 8% !important;}&#8221; z_index=&#8221;&#8221;][vc_column][vc_empty_space height=&#8221;65px&#8221;][vc_column_text]MENTIONS LEGALES &nbsp; Site \u00e9dit\u00e9 par Weaving Group, SAS au capital de 2 000 000 euros, immatricul\u00e9e au Registre du Commerce et des Soci\u00e9t\u00e9s de Paris sous le num\u00e9ro 32703416100072, 36&#8230;<\/p>\n","protected":false},"author":1,"featured_media":0,"parent":0,"menu_order":0,"comment_status":"closed","ping_status":"closed","template":"elementor_header_footer","meta":{"_exactmetrics_skip_tracking":false,"_exactmetrics_sitenote_active":false,"_exactmetrics_sitenote_note":"","_exactmetrics_sitenote_category":0,"footnotes":""},"class_list":["post-2516","page","type-page","status-publish","hentry"],"yoast_head":"<!-- This site is optimized with the Yoast SEO plugin v27.4 - https:\/\/yoast.com\/product\/yoast-seo-wordpress\/ -->\n<title>Legal notices - Weaving Group<\/title>\n<meta name=\"robots\" content=\"index, follow, max-snippet:-1, max-image-preview:large, max-video-preview:-1\" \/>\n<link rel=\"canonical\" href=\"https:\/\/weaving-group.com\/informations-legales\/\" \/>\n<meta property=\"og:locale\" content=\"en_US\" \/>\n<meta property=\"og:type\" content=\"article\" \/>\n<meta property=\"og:title\" content=\"Legal notices - Weaving Group\" \/>\n<meta property=\"og:description\" content=\"[vc_row css_animation=&#8221;&#8221; row_type=&#8221;row&#8221; use_row_as_full_screen_section=&#8221;no&#8221; type=&#8221;full_width&#8221; angled_section=&#8221;no&#8221; text_align=&#8221;left&#8221; background_image_as_pattern=&#8221;without_pattern&#8221; css=&#8221;.vc_custom_1553866362054{padding-right: 8% !important;padding-left: 8% !important;}&#8221; z_index=&#8221;&#8221;][vc_column][vc_empty_space height=&#8221;65px&#8221;][vc_column_text]MENTIONS LEGALES &nbsp; Site \u00e9dit\u00e9 par Weaving Group, SAS au capital de 2 000 000 euros, immatricul\u00e9e au Registre du Commerce et des Soci\u00e9t\u00e9s de Paris sous le num\u00e9ro 32703416100072, 36...\" \/>\n<meta property=\"og:url\" content=\"https:\/\/weaving-group.com\/informations-legales\/\" \/>\n<meta property=\"og:site_name\" content=\"Weaving Group\" \/>\n<meta property=\"article:modified_time\" content=\"2019-04-19T07:50:04+00:00\" \/>\n<meta name=\"twitter:card\" content=\"summary_large_image\" \/>\n<meta name=\"twitter:label1\" content=\"Est. reading time\" \/>\n\t<meta name=\"twitter:data1\" content=\"5 minutes\" \/>\n<script type=\"application\/ld+json\" class=\"yoast-schema-graph\">{\"@context\":\"https:\\\/\\\/schema.org\",\"@graph\":[{\"@type\":\"WebPage\",\"@id\":\"https:\\\/\\\/weaving-group.com\\\/informations-legales\\\/\",\"url\":\"https:\\\/\\\/weaving-group.com\\\/informations-legales\\\/\",\"name\":\"Legal notices - Weaving Group\",\"isPartOf\":{\"@id\":\"https:\\\/\\\/weaving-group.com\\\/#website\"},\"datePublished\":\"2019-03-29T13:26:51+00:00\",\"dateModified\":\"2019-04-19T07:50:04+00:00\",\"inLanguage\":\"en-US\",\"potentialAction\":[{\"@type\":\"ReadAction\",\"target\":[\"https:\\\/\\\/weaving-group.com\\\/informations-legales\\\/\"]}]},{\"@type\":\"WebSite\",\"@id\":\"https:\\\/\\\/weaving-group.com\\\/#website\",\"url\":\"https:\\\/\\\/weaving-group.com\\\/\",\"name\":\"Weaving Group\",\"description\":\"Groupe familial fond\u00e9 en 1983\",\"publisher\":{\"@id\":\"https:\\\/\\\/weaving-group.com\\\/#organization\"},\"potentialAction\":[{\"@type\":\"SearchAction\",\"target\":{\"@type\":\"EntryPoint\",\"urlTemplate\":\"https:\\\/\\\/weaving-group.com\\\/?s={search_term_string}\"},\"query-input\":{\"@type\":\"PropertyValueSpecification\",\"valueRequired\":true,\"valueName\":\"search_term_string\"}}],\"inLanguage\":\"en-US\"},{\"@type\":\"Organization\",\"@id\":\"https:\\\/\\\/weaving-group.com\\\/#organization\",\"name\":\"Weaving Group\",\"url\":\"https:\\\/\\\/weaving-group.com\\\/\",\"logo\":{\"@type\":\"ImageObject\",\"inLanguage\":\"en-US\",\"@id\":\"https:\\\/\\\/weaving-group.com\\\/#\\\/schema\\\/logo\\\/image\\\/\",\"url\":\"https:\\\/\\\/i1.wp.com\\\/weaving-group.com\\\/wp-content\\\/uploads\\\/2019\\\/03\\\/WEAVING_logo.png?fit=176%2C24&ssl=1\",\"contentUrl\":\"https:\\\/\\\/i1.wp.com\\\/weaving-group.com\\\/wp-content\\\/uploads\\\/2019\\\/03\\\/WEAVING_logo.png?fit=176%2C24&ssl=1\",\"width\":176,\"height\":24,\"caption\":\"Weaving Group\"},\"image\":{\"@id\":\"https:\\\/\\\/weaving-group.com\\\/#\\\/schema\\\/logo\\\/image\\\/\"},\"sameAs\":[\"https:\\\/\\\/fr.linkedin.com\\\/company\\\/weaving-group\"]}]}<\/script>\n<!-- \/ Yoast SEO plugin. -->","yoast_head_json":{"title":"Legal notices - Weaving Group","robots":{"index":"index","follow":"follow","max-snippet":"max-snippet:-1","max-image-preview":"max-image-preview:large","max-video-preview":"max-video-preview:-1"},"canonical":"https:\/\/weaving-group.com\/informations-legales\/","og_locale":"en_US","og_type":"article","og_title":"Legal notices - Weaving Group","og_description":"[vc_row css_animation=&#8221;&#8221; row_type=&#8221;row&#8221; use_row_as_full_screen_section=&#8221;no&#8221; type=&#8221;full_width&#8221; angled_section=&#8221;no&#8221; text_align=&#8221;left&#8221; background_image_as_pattern=&#8221;without_pattern&#8221; css=&#8221;.vc_custom_1553866362054{padding-right: 8% !important;padding-left: 8% !important;}&#8221; z_index=&#8221;&#8221;][vc_column][vc_empty_space height=&#8221;65px&#8221;][vc_column_text]MENTIONS LEGALES &nbsp; Site \u00e9dit\u00e9 par Weaving Group, SAS au capital de 2 000 000 euros, immatricul\u00e9e au Registre du Commerce et des Soci\u00e9t\u00e9s de Paris sous le num\u00e9ro 32703416100072, 36...","og_url":"https:\/\/weaving-group.com\/informations-legales\/","og_site_name":"Weaving Group","article_modified_time":"2019-04-19T07:50:04+00:00","twitter_card":"summary_large_image","twitter_misc":{"Est. reading time":"5 minutes"},"schema":{"@context":"https:\/\/schema.org","@graph":[{"@type":"WebPage","@id":"https:\/\/weaving-group.com\/informations-legales\/","url":"https:\/\/weaving-group.com\/informations-legales\/","name":"Legal notices - Weaving Group","isPartOf":{"@id":"https:\/\/weaving-group.com\/#website"},"datePublished":"2019-03-29T13:26:51+00:00","dateModified":"2019-04-19T07:50:04+00:00","inLanguage":"en-US","potentialAction":[{"@type":"ReadAction","target":["https:\/\/weaving-group.com\/informations-legales\/"]}]},{"@type":"WebSite","@id":"https:\/\/weaving-group.com\/#website","url":"https:\/\/weaving-group.com\/","name":"Weaving Group","description":"Groupe familial fond\u00e9 en 1983","publisher":{"@id":"https:\/\/weaving-group.com\/#organization"},"potentialAction":[{"@type":"SearchAction","target":{"@type":"EntryPoint","urlTemplate":"https:\/\/weaving-group.com\/?s={search_term_string}"},"query-input":{"@type":"PropertyValueSpecification","valueRequired":true,"valueName":"search_term_string"}}],"inLanguage":"en-US"},{"@type":"Organization","@id":"https:\/\/weaving-group.com\/#organization","name":"Weaving Group","url":"https:\/\/weaving-group.com\/","logo":{"@type":"ImageObject","inLanguage":"en-US","@id":"https:\/\/weaving-group.com\/#\/schema\/logo\/image\/","url":"https:\/\/i1.wp.com\/weaving-group.com\/wp-content\/uploads\/2019\/03\/WEAVING_logo.png?fit=176%2C24&ssl=1","contentUrl":"https:\/\/i1.wp.com\/weaving-group.com\/wp-content\/uploads\/2019\/03\/WEAVING_logo.png?fit=176%2C24&ssl=1","width":176,"height":24,"caption":"Weaving Group"},"image":{"@id":"https:\/\/weaving-group.com\/#\/schema\/logo\/image\/"},"sameAs":["https:\/\/fr.linkedin.com\/company\/weaving-group"]}]}},"jetpack_shortlink":"https:\/\/wp.me\/PaOWzv-EA","jetpack_sharing_enabled":true,"_links":{"self":[{"href":"https:\/\/weaving-group.com\/en\/wp-json\/wp\/v2\/pages\/2516","targetHints":{"allow":["GET"]}}],"collection":[{"href":"https:\/\/weaving-group.com\/en\/wp-json\/wp\/v2\/pages"}],"about":[{"href":"https:\/\/weaving-group.com\/en\/wp-json\/wp\/v2\/types\/page"}],"author":[{"embeddable":true,"href":"https:\/\/weaving-group.com\/en\/wp-json\/wp\/v2\/users\/1"}],"replies":[{"embeddable":true,"href":"https:\/\/weaving-group.com\/en\/wp-json\/wp\/v2\/comments?post=2516"}],"version-history":[{"count":6,"href":"https:\/\/weaving-group.com\/en\/wp-json\/wp\/v2\/pages\/2516\/revisions"}],"predecessor-version":[{"id":2765,"href":"https:\/\/weaving-group.com\/en\/wp-json\/wp\/v2\/pages\/2516\/revisions\/2765"}],"wp:attachment":[{"href":"https:\/\/weaving-group.com\/en\/wp-json\/wp\/v2\/media?parent=2516"}],"curies":[{"name":"wp","href":"https:\/\/api.w.org\/{rel}","templated":true}]}}